{"id":420,"date":"2023-03-14T12:38:17","date_gmt":"2023-03-14T11:38:17","guid":{"rendered":"https:\/\/www.adaviac.cat\/?page_id=420"},"modified":"2023-06-02T09:35:59","modified_gmt":"2023-06-02T07:35:59","slug":"area-privada","status":"publish","type":"page","link":"https:\/\/www.adaviac.cat\/es\/area-privada\/","title":{"rendered":"\u00c1rea Privada"},"content":{"rendered":"\t\t<div data-elementor-type=\"wp-page\" data-elementor-id=\"420\" class=\"elementor elementor-420\">\n\t\t\t\t\t\t<section class=\"elementor-section elementor-top-section elementor-element elementor-element-5d019e0c elementor-section-boxed elementor-section-height-default elementor-section-height-default\" data-id=\"5d019e0c\" data-element_type=\"section\" data-e-type=\"section\" data-settings=\"{&quot;background_background&quot;:&quot;classic&quot;}\">\n\t\t\t\t\t\t<div class=\"elementor-container elementor-column-gap-default\">\n\t\t\t\t\t<div class=\"elementor-column elementor-col-100 elementor-top-column elementor-element elementor-element-a1aadd\" data-id=\"a1aadd\" data-element_type=\"column\" data-e-type=\"column\" data-settings=\"{&quot;background_background&quot;:&quot;classic&quot;}\">\n\t\t\t<div class=\"elementor-widget-wrap elementor-element-populated\">\n\t\t\t\t\t<div class=\"elementor-background-overlay\"><\/div>\n\t\t\t\t\t\t<div class=\"elementor-element elementor-element-beb1089 elementor-widget elementor-widget-spacer\" data-id=\"beb1089\" data-element_type=\"widget\" data-e-type=\"widget\" data-widget_type=\"spacer.default\">\n\t\t\t\t<div class=\"elementor-widget-container\">\n\t\t\t\t\t\t\t<div class=\"elementor-spacer\">\n\t\t\t<div class=\"elementor-spacer-inner\"><\/div>\n\t\t<\/div>\n\t\t\t\t\t\t<\/div>\n\t\t\t\t<\/div>\n\t\t\t\t<div class=\"elementor-element elementor-element-85c638b elementor-widget elementor-widget-heading\" data-id=\"85c638b\" data-element_type=\"widget\" data-e-type=\"widget\" data-widget_type=\"heading.default\">\n\t\t\t\t<div class=\"elementor-widget-container\">\n\t\t\t\t\t<p class=\"elementor-heading-title elementor-size-xxl\">\u00c0rea Privada<\/p>\t\t\t\t<\/div>\n\t\t\t\t<\/div>\n\t\t\t\t<div class=\"elementor-element elementor-element-0f8c882 elementor-button-align-stretch elementor-widget elementor-widget-form\" data-id=\"0f8c882\" data-element_type=\"widget\" data-e-type=\"widget\" data-settings=\"{&quot;step_next_label&quot;:&quot;Siguiente&quot;,&quot;step_previous_label&quot;:&quot;Anterior&quot;,&quot;button_width&quot;:&quot;100&quot;,&quot;step_type&quot;:&quot;number_text&quot;,&quot;step_icon_shape&quot;:&quot;circle&quot;}\" data-widget_type=\"form.default\">\n\t\t\t\t<div class=\"elementor-widget-container\">\n\t\t\t\t\t\t\t<form class=\"elementor-form\" method=\"post\" name=\"Nuevo formulario\">\n\t\t\t<input type=\"hidden\" name=\"post_id\" value=\"420\"\/>\n\t\t\t<input type=\"hidden\" name=\"form_id\" value=\"0f8c882\"\/>\n\t\t\t<input type=\"hidden\" name=\"referer_title\" value=\"Associaci\u00f3 d&#039;Advocats de V\u00edctimes de Catalunya\" \/>\n\n\t\t\t\n\t\t\t<div class=\"elementor-form-fields-wrapper elementor-labels-above\">\n\t\t\t\t\t\t\t\t<div class=\"elementor-field-type-text elementor-field-group elementor-column elementor-field-group-name elementor-col-100\">\n\t\t\t\t\t\t\t\t\t\t\t\t\t<input size=\"1\" type=\"text\" name=\"form_fields[name]\" id=\"form-field-name\" class=\"elementor-field elementor-size-sm  elementor-field-textual\" placeholder=\"Nom\">\n\t\t\t\t\t\t\t\t\t\t\t<\/div>\n\t\t\t\t\t\t\t\t<div class=\"elementor-field-type-text elementor-field-group elementor-column elementor-field-group-field_3308a62 elementor-col-100\">\n\t\t\t\t\t\t\t\t\t\t\t\t\t<input size=\"1\" type=\"text\" name=\"form_fields[field_3308a62]\" id=\"form-field-field_3308a62\" class=\"elementor-field elementor-size-sm  elementor-field-textual\" placeholder=\"Password\">\n\t\t\t\t\t\t\t\t\t\t\t<\/div>\n\t\t\t\t\t\t\t\t<div class=\"elementor-field-group elementor-column elementor-field-type-submit elementor-col-100 e-form__buttons\">\n\t\t\t\t\t<button type=\"submit\" class=\"elementor-button elementor-size-sm\">\n\t\t\t\t\t\t<span >\n\t\t\t\t\t\t\t\t\t\t\t\t\t\t\t<span class=\"elementor-align-icon-right elementor-button-icon\">\n\t\t\t\t\t\t\t\t\t<i aria-hidden=\"true\" class=\"fas fa-arrow-right\"><\/i>\t\t\t\t\t\t\t\t\t\t\t\t\t\t\t\t\t<\/span>\n\t\t\t\t\t\t\t\t\t\t\t\t\t\t\t\t\t\t\t\t\t\t<span class=\"elementor-button-text\"> Accedir<\/span>\n\t\t\t\t\t\t\t\t\t\t\t\t\t<\/span>\n\t\t\t\t\t<\/button>\n\t\t\t\t<\/div>\n\t\t\t<\/div>\n\t\t<\/form>\n\t\t\t\t\t\t<\/div>\n\t\t\t\t<\/div>\n\t\t\t\t<div class=\"elementor-element elementor-element-b746d99 elementor-widget elementor-widget-spacer\" data-id=\"b746d99\" data-element_type=\"widget\" data-e-type=\"widget\" data-widget_type=\"spacer.default\">\n\t\t\t\t<div class=\"elementor-widget-container\">\n\t\t\t\t\t\t\t<div class=\"elementor-spacer\">\n\t\t\t<div class=\"elementor-spacer-inner\"><\/div>\n\t\t<\/div>\n\t\t\t\t\t\t<\/div>\n\t\t\t\t<\/div>\n\t\t\t\t\t<\/div>\n\t\t<\/div>\n\t\t\t\t\t<\/div>\n\t\t<\/section>\n\t\t\t\t<\/div>\n\t\t","protected":false},"excerpt":{"rendered":"<p>\u00c1rea Privada<\/p>","protected":false},"author":1,"featured_media":0,"parent":0,"menu_order":0,"comment_status":"closed","ping_status":"closed","template":"elementor_header_footer","meta":{"footnotes":""},"class_list":["post-420","page","type-page","status-publish","hentry"],"yoast_head":"<!-- This site is optimized with the Yoast SEO plugin v27.1.1 - https:\/\/yoast.com\/product\/yoast-seo-wordpress\/ -->\n<title>\u00c0rea Privada - Associaci\u00f3 d&#039;Advocats de V\u00edctimes de Catalunya<\/title>\n<meta name=\"robots\" content=\"noindex, nofollow\" \/>\n<meta property=\"og:locale\" content=\"es_ES\" \/>\n<meta property=\"og:type\" content=\"article\" \/>\n<meta property=\"og:title\" content=\"\u00c0rea Privada - Associaci\u00f3 d&#039;Advocats de V\u00edctimes de Catalunya\" \/>\n<meta property=\"og:description\" content=\"\u00c0rea Privada\" \/>\n<meta property=\"og:url\" content=\"https:\/\/www.adaviac.cat\/es\/area-privada\/\" \/>\n<meta property=\"og:site_name\" content=\"Associaci\u00f3 d&#039;Advocats de V\u00edctimes de Catalunya\" \/>\n<meta property=\"article:modified_time\" content=\"2023-06-02T07:35:59+00:00\" \/>\n<meta name=\"twitter:card\" content=\"summary_large_image\" \/>\n<meta name=\"twitter:label1\" content=\"Tiempo de lectura\" \/>\n\t<meta name=\"twitter:data1\" content=\"1 minuto\" \/>\n<script type=\"application\/ld+json\" class=\"yoast-schema-graph\">{\"@context\":\"https:\/\/schema.org\",\"@graph\":[{\"@type\":\"WebPage\",\"@id\":\"https:\/\/www.adaviac.cat\/area-privada\/\",\"url\":\"https:\/\/www.adaviac.cat\/area-privada\/\",\"name\":\"\u00c0rea Privada - Associaci\u00f3 d&#039;Advocats de V\u00edctimes de Catalunya\",\"isPartOf\":{\"@id\":\"https:\/\/www.adaviac.cat\/#website\"},\"datePublished\":\"2023-03-14T11:38:17+00:00\",\"dateModified\":\"2023-06-02T07:35:59+00:00\",\"breadcrumb\":{\"@id\":\"https:\/\/www.adaviac.cat\/area-privada\/#breadcrumb\"},\"inLanguage\":\"es\",\"potentialAction\":[{\"@type\":\"ReadAction\",\"target\":[\"https:\/\/www.adaviac.cat\/area-privada\/\"]}]},{\"@type\":\"BreadcrumbList\",\"@id\":\"https:\/\/www.adaviac.cat\/area-privada\/#breadcrumb\",\"itemListElement\":[{\"@type\":\"ListItem\",\"position\":1,\"name\":\"Portada\",\"item\":\"https:\/\/www.adaviac.cat\/\"},{\"@type\":\"ListItem\",\"position\":2,\"name\":\"\u00c0rea Privada\"}]},{\"@type\":\"WebSite\",\"@id\":\"https:\/\/www.adaviac.cat\/#website\",\"url\":\"https:\/\/www.adaviac.cat\/\",\"name\":\"Associaci\u00f3 d&#039;Advocats de V\u00edctimes de Catalunya\",\"description\":\"ADAVIAC: Associaci\u00f3 d&#039;Advocats de V\u00edctimes de Catalunya\",\"publisher\":{\"@id\":\"https:\/\/www.adaviac.cat\/#organization\"},\"potentialAction\":[{\"@type\":\"SearchAction\",\"target\":{\"@type\":\"EntryPoint\",\"urlTemplate\":\"https:\/\/www.adaviac.cat\/?s={search_term_string}\"},\"query-input\":{\"@type\":\"PropertyValueSpecification\",\"valueRequired\":true,\"valueName\":\"search_term_string\"}}],\"inLanguage\":\"es\"},{\"@type\":\"Organization\",\"@id\":\"https:\/\/www.adaviac.cat\/#organization\",\"name\":\"Associaci\u00f3 d&#039;Advocats de V\u00edctimes de Catalunya\",\"url\":\"https:\/\/www.adaviac.cat\/\",\"logo\":{\"@type\":\"ImageObject\",\"inLanguage\":\"es\",\"@id\":\"https:\/\/www.adaviac.cat\/#\/schema\/logo\/image\/\",\"url\":\"https:\/\/www.adaviac.cat\/wp-content\/uploads\/2023\/03\/LOGO-ADAVIAC.png\",\"contentUrl\":\"https:\/\/www.adaviac.cat\/wp-content\/uploads\/2023\/03\/LOGO-ADAVIAC.png\",\"width\":350,\"height\":100,\"caption\":\"Associaci\u00f3 d&#039;Advocats de V\u00edctimes de Catalunya\"},\"image\":{\"@id\":\"https:\/\/www.adaviac.cat\/#\/schema\/logo\/image\/\"}}]}<\/script>\n<!-- \/ Yoast SEO plugin. -->","yoast_head_json":{"title":"\u00c0rea Privada - Associaci\u00f3 d&#039;Advocats de V\u00edctimes de Catalunya","robots":{"index":"noindex","follow":"nofollow"},"og_locale":"es_ES","og_type":"article","og_title":"\u00c0rea Privada - Associaci\u00f3 d&#039;Advocats de V\u00edctimes de Catalunya","og_description":"\u00c0rea Privada","og_url":"https:\/\/www.adaviac.cat\/es\/area-privada\/","og_site_name":"Associaci\u00f3 d&#039;Advocats de V\u00edctimes de Catalunya","article_modified_time":"2023-06-02T07:35:59+00:00","twitter_card":"summary_large_image","twitter_misc":{"Tiempo de lectura":"1 minuto"},"schema":{"@context":"https:\/\/schema.org","@graph":[{"@type":"WebPage","@id":"https:\/\/www.adaviac.cat\/area-privada\/","url":"https:\/\/www.adaviac.cat\/area-privada\/","name":"\u00c0rea Privada - Associaci\u00f3 d&#039;Advocats de V\u00edctimes de Catalunya","isPartOf":{"@id":"https:\/\/www.adaviac.cat\/#website"},"datePublished":"2023-03-14T11:38:17+00:00","dateModified":"2023-06-02T07:35:59+00:00","breadcrumb":{"@id":"https:\/\/www.adaviac.cat\/area-privada\/#breadcrumb"},"inLanguage":"es","potentialAction":[{"@type":"ReadAction","target":["https:\/\/www.adaviac.cat\/area-privada\/"]}]},{"@type":"BreadcrumbList","@id":"https:\/\/www.adaviac.cat\/area-privada\/#breadcrumb","itemListElement":[{"@type":"ListItem","position":1,"name":"Portada","item":"https:\/\/www.adaviac.cat\/"},{"@type":"ListItem","position":2,"name":"\u00c0rea Privada"}]},{"@type":"WebSite","@id":"https:\/\/www.adaviac.cat\/#website","url":"https:\/\/www.adaviac.cat\/","name":"Associaci\u00f3 d&#039;Advocats de V\u00edctimes de Catalunya","description":"ADAVIAC: Associaci\u00f3 d&#039;Advocats de V\u00edctimes de Catalunya","publisher":{"@id":"https:\/\/www.adaviac.cat\/#organization"},"potentialAction":[{"@type":"SearchAction","target":{"@type":"EntryPoint","urlTemplate":"https:\/\/www.adaviac.cat\/?s={search_term_string}"},"query-input":{"@type":"PropertyValueSpecification","valueRequired":true,"valueName":"search_term_string"}}],"inLanguage":"es"},{"@type":"Organization","@id":"https:\/\/www.adaviac.cat\/#organization","name":"Associaci\u00f3 d&#039;Advocats de V\u00edctimes de Catalunya","url":"https:\/\/www.adaviac.cat\/","logo":{"@type":"ImageObject","inLanguage":"es","@id":"https:\/\/www.adaviac.cat\/#\/schema\/logo\/image\/","url":"https:\/\/www.adaviac.cat\/wp-content\/uploads\/2023\/03\/LOGO-ADAVIAC.png","contentUrl":"https:\/\/www.adaviac.cat\/wp-content\/uploads\/2023\/03\/LOGO-ADAVIAC.png","width":350,"height":100,"caption":"Associaci\u00f3 d&#039;Advocats de V\u00edctimes de Catalunya"},"image":{"@id":"https:\/\/www.adaviac.cat\/#\/schema\/logo\/image\/"}}]}},"_links":{"self":[{"href":"https:\/\/www.adaviac.cat\/es\/wp-json\/wp\/v2\/pages\/420","targetHints":{"allow":["GET"]}}],"collection":[{"href":"https:\/\/www.adaviac.cat\/es\/wp-json\/wp\/v2\/pages"}],"about":[{"href":"https:\/\/www.adaviac.cat\/es\/wp-json\/wp\/v2\/types\/page"}],"author":[{"embeddable":true,"href":"https:\/\/www.adaviac.cat\/es\/wp-json\/wp\/v2\/users\/1"}],"replies":[{"embeddable":true,"href":"https:\/\/www.adaviac.cat\/es\/wp-json\/wp\/v2\/comments?post=420"}],"version-history":[{"count":33,"href":"https:\/\/www.adaviac.cat\/es\/wp-json\/wp\/v2\/pages\/420\/revisions"}],"predecessor-version":[{"id":1539,"href":"https:\/\/www.adaviac.cat\/es\/wp-json\/wp\/v2\/pages\/420\/revisions\/1539"}],"wp:attachment":[{"href":"https:\/\/www.adaviac.cat\/es\/wp-json\/wp\/v2\/media?parent=420"}],"curies":[{"name":"wp","href":"https:\/\/api.w.org\/{rel}","templated":true}]}}