{"id":415,"date":"2023-03-14T12:36:05","date_gmt":"2023-03-14T11:36:05","guid":{"rendered":"https:\/\/www.adaviac.cat\/?page_id=415"},"modified":"2023-06-02T11:17:58","modified_gmt":"2023-06-02T09:17:58","slug":"politica-privacitat","status":"publish","type":"page","link":"https:\/\/www.adaviac.cat\/es\/politica-privacitat\/","title":{"rendered":"Pol\u00edtica de Privacidad"},"content":{"rendered":"<div data-elementor-type=\"wp-page\" data-elementor-id=\"415\" class=\"elementor elementor-415\">\n\t\t\t\t\t\t<section class=\"elementor-section elementor-top-section elementor-element elementor-element-2d07306a elementor-section-boxed elementor-section-height-default elementor-section-height-default\" data-id=\"2d07306a\" data-element_type=\"section\" data-e-type=\"section\" data-settings=\"{&quot;background_background&quot;:&quot;classic&quot;}\">\n\t\t\t\t\t\t\t<div class=\"elementor-background-overlay\"><\/div>\n\t\t\t\t\t\t\t<div class=\"elementor-container elementor-column-gap-default\">\n\t\t\t\t\t<div class=\"elementor-column elementor-col-100 elementor-top-column elementor-element elementor-element-6f32a4cb\" data-id=\"6f32a4cb\" data-element_type=\"column\" data-e-type=\"column\">\n\t\t\t<div class=\"elementor-widget-wrap elementor-element-populated\">\n\t\t\t\t\t\t<section class=\"elementor-section elementor-inner-section elementor-element elementor-element-2155cd69 elementor-section-boxed elementor-section-height-default elementor-section-height-default\" data-id=\"2155cd69\" data-element_type=\"section\" data-e-type=\"section\">\n\t\t\t\t\t\t<div class=\"elementor-container elementor-column-gap-wider\">\n\t\t\t\t\t<div class=\"elementor-column elementor-col-100 elementor-inner-column elementor-element elementor-element-3f554f0c\" data-id=\"3f554f0c\" data-element_type=\"column\" data-e-type=\"column\">\n\t\t\t<div class=\"elementor-widget-wrap elementor-element-populated\">\n\t\t\t\t\t\t<div class=\"elementor-element elementor-element-efb8c3 elementor-invisible elementor-widget elementor-widget-heading\" data-id=\"efb8c3\" data-element_type=\"widget\" data-e-type=\"widget\" data-settings=\"{&quot;_animation&quot;:&quot;fadeIn&quot;,&quot;_animation_delay&quot;:100}\" data-widget_type=\"heading.default\">\n\t\t\t\t<div class=\"elementor-widget-container\">\n\t\t\t\t\t<h2 class=\"elementor-heading-title elementor-size-default\">POL\u00cdTICA DE PRIVACIDAD<\/h2>\t\t\t\t<\/div>\n\t\t\t\t<\/div>\n\t\t\t\t\t<\/div>\n\t\t<\/div>\n\t\t\t\t\t<\/div>\n\t\t<\/section>\n\t\t\t\t\t<\/div>\n\t\t<\/div>\n\t\t\t\t\t<\/div>\n\t\t<\/section>\n\t\t\t\t<section class=\"elementor-section elementor-inner-section elementor-element elementor-element-405f9096 elementor-section-content-middle elementor-section-boxed elementor-section-height-default elementor-section-height-default elementor-invisible\" data-id=\"405f9096\" data-element_type=\"section\" data-e-type=\"section\" data-settings=\"{&quot;animation&quot;:&quot;fadeInLeft&quot;}\">\n\t\t\t\t\t\t<div class=\"elementor-container elementor-column-gap-wider\">\n\t\t\t\t\t<div class=\"elementor-column elementor-col-100 elementor-inner-column elementor-element elementor-element-6e4bef58\" data-id=\"6e4bef58\" data-element_type=\"column\" data-e-type=\"column\">\n\t\t\t<div class=\"elementor-widget-wrap elementor-element-populated\">\n\t\t\t\t\t\t<div class=\"elementor-element elementor-element-4704e65c elementor-invisible elementor-widget elementor-widget-heading\" data-id=\"4704e65c\" data-element_type=\"widget\" data-e-type=\"widget\" data-settings=\"{&quot;_animation&quot;:&quot;fadeIn&quot;}\" data-widget_type=\"heading.default\">\n\t\t\t\t<div class=\"elementor-widget-container\">\n\t\t\t\t\t<h2 class=\"elementor-heading-title elementor-size-default\">ADAVIAC<\/h2>\t\t\t\t<\/div>\n\t\t\t\t<\/div>\n\t\t\t\t<div class=\"elementor-element elementor-element-124b05b0 elementor-invisible elementor-widget elementor-widget-heading\" data-id=\"124b05b0\" data-element_type=\"widget\" data-e-type=\"widget\" data-settings=\"{&quot;_animation&quot;:&quot;fadeIn&quot;,&quot;_animation_delay&quot;:150}\" data-widget_type=\"heading.default\">\n\t\t\t\t<div class=\"elementor-widget-container\">\n\t\t\t\t\t<h2 class=\"elementor-heading-title elementor-size-default\">Associaci\u00f3 de V\u00edctimes d'Accidents de Catalunya<\/h2>\t\t\t\t<\/div>\n\t\t\t\t<\/div>\n\t\t\t\t<div class=\"elementor-element elementor-element-35df973 elementor-widget elementor-widget-text-editor\" data-id=\"35df973\" data-element_type=\"widget\" data-e-type=\"widget\" data-widget_type=\"text-editor.default\">\n\t\t\t\t<div class=\"elementor-widget-container\">\n\t\t\t\t\t\t\t\t\t<p>Somos la Asociaci\u00f3n de Abogados de V\u00edctimas de Catalu\u00f1a (en adelante, ADAVIAC) titular del website https:\/\/www.adaviac.cat (en adelante, \u201cwebsite\u201d) y responsable del tratamiento que garantiza la protecci\u00f3n de todos los datos de car\u00e1cter personal que le proporcione el usuario. En cumplimiento de lo que establece la Ley Org\u00e1nica 15\/1999, de 13 de diciembre, de Protecci\u00f3n de Datos de Car\u00e1cter Personal, as\u00ed como lo dispuesto y el Reglamento (UE) 2016\/679 del Parlamento Europeo y del Consejo. De acuerdo con lo establecido en el p\u00e1rrafo anterior, se le informa que:<\/p><p>a) En cumplimiento de lo que establece la Ley Org\u00e1nica 15\/1999, el 13 de diciembre, de Protecci\u00f3n de Datos de Car\u00e1cter Personal y el RD 1720\/2007 de 21 de diciembre le informamos que mediante la cumplimentaci\u00f3n de este formulario est\u00e1 dando el consentimiento expreso, as\u00ed como de todos los datos de car\u00e1cter personal que proporcione el usuario al website, a que \u00e9stos queden incorporados y sean tratados en un registro de actividades de tratamiento de datos personales al efecto y mantenido bajo la responsabilidad de ADAVIAC , con Cif. n\u00famero G67379834.<\/p><p>b) \u00bfQui\u00e9n es el responsable de tratamiento de sus datos?<\/p><p>\u2022 Identidad: ADAVIAC<\/p><p>\u2022 Direcci\u00f3n postal: Gran V\u00eda Carlos III 59, 1\u00ba 3\u00aa, 08028 Barcelona, (Espanya)<\/p><p>\u2022 Datos fiscales: G67379834<\/p><p>\u2022 Correo electr\u00f3nico: adaviac@adaviac.cat<\/p><p>c) \u00bfCon qu\u00e9 fines son recogidos los datos? \u00bfPor cu\u00e1nto tiempo conservaremos sus datos?<\/p><p>Atender, gestionar y resolver las consultas, preguntas, propuestas, petici\u00f3n de presupuestos y cualquier otra informaci\u00f3n requerida por el interesado (formulario de contacto). El tiempo de conservaci\u00f3n ser\u00e1 mientras dure el tratamiento para la gesti\u00f3n de consultas.<br \/>Relaci\u00f3n comercial con el cliente. El tiempo de conservaci\u00f3n ser\u00e1 el necesario para su tratamiento. Contratos y facturas cinco y diez a\u00f1os respectivamente.<br \/>Suscripci\u00f3n a la p\u00e1gina para recibir las nuevas entradas en el blog. La suscripci\u00f3n se realiza mediante la cumplimentaci\u00f3n del formulario de newsletter. El tiempo de conservaci\u00f3n ser\u00e1 mientras dure el tratamiento, salvo que el usuario ejerza sus derechos de cancelaci\u00f3n antes.<br \/>Mediante el formulario de contacto se procede a la recogida y tratamiento automatizado de los datos personales como consecuencia de la consulta, solicitud o suscripci\u00f3n de cualquier servicio\/s de los ofrecidos por el propietario del website. El tiempo de conservaci\u00f3n ser\u00e1 mientras dure el tratamiento, salvo que el usuario ejerza sus derechos de cancelaci\u00f3n antes.<br \/>Env\u00edo por medios electr\u00f3nicos de informaci\u00f3n de publicidad, noticias y novedades relacionadas con los productos y servicios del website (formulario de suscripci\u00f3n a newsletter). El tiempo de conservaci\u00f3n es mientras dure el tratamiento, a menos que el usuario ejerza sus derechos de cancelaci\u00f3n antes.<br \/>Recogida y tratamiento automatizado de los datos personales, como consecuencia de la navegaci\u00f3n por las p\u00e1ginas del website (puede ver m\u00e1s abajo la pol\u00edtica de cookies).<\/p><p>e) A qu\u00e9 destinatarios se comunicar\u00e1n tus datos?<\/p><p>ADAVIAC se compromete a que estos datos personales no ser\u00e1n compartidos o cedidos a terceros sin el consentimiento expreso de los usuarios.<br \/>Sin embargo, la prestaci\u00f3n de ciertos servicios puede requerir transferencias de datos a terceros pa\u00edses o entidades para la gesti\u00f3n de infraestructuras o la provisi\u00f3n de servicios, como, por ejemplo, la gesti\u00f3n de los boletines electr\u00f3nicos. En estos casos, se garantiza su alojamiento en pa\u00edses de la Uni\u00f3n Europea (y por tanto el cumplimiento del Reglamento General de Protecci\u00f3n de Datos europeo) o que est\u00e9n acogidos al acuerdo EU-US Privacy Shield, aprobado por el Comit\u00e9 Europeo de Protecci\u00f3n de Datos (consulte la informaci\u00f3n aqu\u00ed: https:\/\/www.privacyshield.gov\/list). \u00c9ste es el caso de Active Campaign.<\/p><p>f) En caso de facilitarnos datos de car\u00e1cter personal de otras personas sin indicar este hecho a ADAVIAC, lo hace con su consentimiento expreso y habiendo sido informado, con car\u00e1cter previo, de los aspectos contenidos en esta cl\u00e1usula. Del mismo modo, rogamos nos comunique cualquier variaci\u00f3n que se pueda dar en los datos facilitados.<\/p><p>ADAVIAC no se hace responsable de la cesi\u00f3n de datos de terceros que no hayan prestado su consentimiento ni tengan conocimiento de los contenidos de la presente cl\u00e1usula, siendo responsabilidad de la persona que cede estos datos al titular del sitio web.<\/p><p>g) En caso de no facilitar los datos requeridos, podr\u00eda comportar la imposibilidad de realizaci\u00f3n de la finalidad para la que se solicitan estos datos:<\/p><p>Los servicios de la web podr\u00edan no estar \u00edntegramente disponibles. El no facilitar el correo electr\u00f3nico, requisito para la suscripci\u00f3n a la newsletter, o su incorrecta transcripci\u00f3n en el formulario, impedir\u00eda realizar las comunicaciones que constituyen su finalidad (al no poder recibirlas el usuario). De no facilitar los datos requeridos en el formulario de contacto (nombre, email, asunto y mensaje), no se podr\u00edan llevar a cabo de forma satisfactoria los servicios solicitados. La negaci\u00f3n de aceptar la pol\u00edtica de cookies podr\u00eda suponer la p\u00e9rdida de funcionalidades de la p\u00e1gina web.<\/p><p>h) El Usuario certifica que es mayor de 14 a\u00f1os y que por tanto posee la capacidad legal necesaria para la prestaci\u00f3n del consentimiento en cuenta al tratamiento de sus datos de car\u00e1cter personal y todo ello, de conformidad con lo establecido en esta Pol\u00edtica de Privacidad.<\/p><p>i) El Usuario cuenta, en todo momento, con la posibilidad de ejercitar los derechos de acceso, rectificaci\u00f3n, cancelaci\u00f3n y oposici\u00f3n sobre sus datos personales enviando comunicaci\u00f3n dirigida al propietario del website a la direcci\u00f3n de correo electr\u00f3nico adaviac @adaviac.cat.<\/p><p>j) El interesado tiene derecho a recibir los datos personales que le conciernen, que haya facilitado a un responsable del tratamiento, en un formato estructurado, de uso com\u00fan y legible por m\u00e1quina y tiene derecho a transmitir estos datos a otro responsable del tratamiento sin impedimentos del responsable del tratamiento al que haya facilitado los datos.<\/p><p>k) En determinadas circunstancias, los interesados podr\u00e1n solicitar la limitaci\u00f3n del tratamiento de sus datos, en cuyo caso \u00fanicamente los conservaremos para el ejercicio o la defensa de reclamaciones.<\/p><p>l) En caso de que se haya otorgado el consentimiento para alguna finalidad espec\u00edfica, tendr\u00e1 derecho a retirar el consentimiento en cualquier momento, sin que ello afecte a la licitud del tratamiento basado en el consentimiento previo a retirarlo.<\/p><p>m) Los interesados podr\u00e1n presentar reclamaci\u00f3n ante la Autoridad de Control en materia de protecci\u00f3n de datos competente cuando no hayan obtenido satisfacci\u00f3n en el ejercicio de sus derechos.<\/p><p>n) El consentimiento expreso manifestado al cumplimentar el formulario de inscripci\u00f3n comprende tambi\u00e9n lo siguiente:<\/p><p>El usuario consiente en que se cedan los datos personales cuando as\u00ed sea requerido por las autoridades administrativas competentes o por mandato judicial.<br \/>ADAVIAC, se reserva el derecho de contratar a terceros para el tratamiento y la gesti\u00f3n de las cuestiones de \u00e1mbito legislativo en general y, en cuanto a protecci\u00f3n de datos en concreto. En todos estos casos, ADAVIAC, obligar\u00e1 a la empresa contratada y\/o profesional particular ya los encargados de la gesti\u00f3n del tratamiento de los datos personales cedidos, a firmar un documento de confidencialidad de datos personales para asegurar la privacidad de esta informaci\u00f3n.<br \/>Del mismo modo, se reserva el derecho a subcontratar a empleados para la prestaci\u00f3n de servicios de diversa \u00edndole en el para el conveniente desarrollo y organizaci\u00f3n de la actividad del website.<\/p><p>o) El Usuario autoriza el tratamiento de los datos personales cedidos a ADAVIAC en los t\u00e9rminos establecidos en esta cl\u00e1usula.<\/p>\t\t\t\t\t\t\t\t<\/div>\n\t\t\t\t<\/div>\n\t\t\t\t\t<\/div>\n\t\t<\/div>\n\t\t\t\t\t<\/div>\n\t\t<\/section>\n\t\t\t\t<\/div>","protected":false},"excerpt":{"rendered":"<p>POL\u00cdTICA DE PRIVACITAT ADAVIAC Associaci\u00f3 de V\u00edctimes d&#8217;Accidents de Catalunya Som l&#8217;Associaci\u00f3 d&#8217;Advocats de V\u00edctimes de Catalunya (d&#8217;ara endavant, ADAVIAC)\u00a0titular del website\u00a0https:\/\/www.adaviac.cat\u00a0(d&#8217;ara endavant,\u00a0\u201cwebsite\u201d) i responsable del tractament que garanteix la protecci\u00f3 de totes les dades de car\u00e0cter personal que li proporcioni l&#8217;usuari. En compliment del que estableix la\u00a0Llei Org\u00e0nica 15\/1999, de 13 de desembre, de [&hellip;]<\/p>\n","protected":false},"author":1,"featured_media":0,"parent":0,"menu_order":0,"comment_status":"closed","ping_status":"closed","template":"elementor_header_footer","meta":{"footnotes":""},"class_list":["post-415","page","type-page","status-publish","hentry"],"yoast_head":"<!-- This site is optimized with the Yoast SEO plugin v27.1.1 - https:\/\/yoast.com\/product\/yoast-seo-wordpress\/ -->\n<title>Pol\u00edtica de Privacitat - Associaci\u00f3 d&#039;Advocats de V\u00edctimes de Catalunya<\/title>\n<meta name=\"robots\" content=\"noindex, nofollow\" \/>\n<meta property=\"og:locale\" content=\"es_ES\" \/>\n<meta property=\"og:type\" content=\"article\" \/>\n<meta property=\"og:title\" content=\"Pol\u00edtica de Privacitat - Associaci\u00f3 d&#039;Advocats de V\u00edctimes de Catalunya\" \/>\n<meta property=\"og:description\" content=\"POL\u00cdTICA DE PRIVACITAT ADAVIAC Associaci\u00f3 de V\u00edctimes d&#8217;Accidents de Catalunya Som l&#8217;Associaci\u00f3 d&#8217;Advocats de V\u00edctimes de Catalunya (d&#8217;ara endavant, ADAVIAC)\u00a0titular del website\u00a0https:\/\/www.adaviac.cat\u00a0(d&#8217;ara endavant,\u00a0\u201cwebsite\u201d) i responsable del tractament que garanteix la protecci\u00f3 de totes les dades de car\u00e0cter personal que li proporcioni l&#8217;usuari. En compliment del que estableix la\u00a0Llei Org\u00e0nica 15\/1999, de 13 de desembre, de [&hellip;]\" \/>\n<meta property=\"og:url\" content=\"https:\/\/www.adaviac.cat\/es\/politica-privacitat\/\" \/>\n<meta property=\"og:site_name\" content=\"Associaci\u00f3 d&#039;Advocats de V\u00edctimes de Catalunya\" \/>\n<meta property=\"article:modified_time\" content=\"2023-06-02T09:17:58+00:00\" \/>\n<meta name=\"twitter:card\" content=\"summary_large_image\" \/>\n<meta name=\"twitter:label1\" content=\"Tiempo de lectura\" \/>\n\t<meta name=\"twitter:data1\" content=\"6 minutos\" \/>\n<script type=\"application\/ld+json\" class=\"yoast-schema-graph\">{\"@context\":\"https:\/\/schema.org\",\"@graph\":[{\"@type\":\"WebPage\",\"@id\":\"https:\/\/www.adaviac.cat\/politica-privacitat\/\",\"url\":\"https:\/\/www.adaviac.cat\/politica-privacitat\/\",\"name\":\"Pol\u00edtica de Privacitat - Associaci\u00f3 d&#039;Advocats de V\u00edctimes de Catalunya\",\"isPartOf\":{\"@id\":\"https:\/\/www.adaviac.cat\/#website\"},\"datePublished\":\"2023-03-14T11:36:05+00:00\",\"dateModified\":\"2023-06-02T09:17:58+00:00\",\"breadcrumb\":{\"@id\":\"https:\/\/www.adaviac.cat\/politica-privacitat\/#breadcrumb\"},\"inLanguage\":\"es\",\"potentialAction\":[{\"@type\":\"ReadAction\",\"target\":[\"https:\/\/www.adaviac.cat\/politica-privacitat\/\"]}]},{\"@type\":\"BreadcrumbList\",\"@id\":\"https:\/\/www.adaviac.cat\/politica-privacitat\/#breadcrumb\",\"itemListElement\":[{\"@type\":\"ListItem\",\"position\":1,\"name\":\"Portada\",\"item\":\"https:\/\/www.adaviac.cat\/\"},{\"@type\":\"ListItem\",\"position\":2,\"name\":\"Pol\u00edtica de Privacitat\"}]},{\"@type\":\"WebSite\",\"@id\":\"https:\/\/www.adaviac.cat\/#website\",\"url\":\"https:\/\/www.adaviac.cat\/\",\"name\":\"Associaci\u00f3 d&#039;Advocats de V\u00edctimes de Catalunya\",\"description\":\"ADAVIAC: Associaci\u00f3 d&#039;Advocats de V\u00edctimes de Catalunya\",\"publisher\":{\"@id\":\"https:\/\/www.adaviac.cat\/#organization\"},\"potentialAction\":[{\"@type\":\"SearchAction\",\"target\":{\"@type\":\"EntryPoint\",\"urlTemplate\":\"https:\/\/www.adaviac.cat\/?s={search_term_string}\"},\"query-input\":{\"@type\":\"PropertyValueSpecification\",\"valueRequired\":true,\"valueName\":\"search_term_string\"}}],\"inLanguage\":\"es\"},{\"@type\":\"Organization\",\"@id\":\"https:\/\/www.adaviac.cat\/#organization\",\"name\":\"Associaci\u00f3 d&#039;Advocats de V\u00edctimes de Catalunya\",\"url\":\"https:\/\/www.adaviac.cat\/\",\"logo\":{\"@type\":\"ImageObject\",\"inLanguage\":\"es\",\"@id\":\"https:\/\/www.adaviac.cat\/#\/schema\/logo\/image\/\",\"url\":\"https:\/\/www.adaviac.cat\/wp-content\/uploads\/2023\/03\/LOGO-ADAVIAC.png\",\"contentUrl\":\"https:\/\/www.adaviac.cat\/wp-content\/uploads\/2023\/03\/LOGO-ADAVIAC.png\",\"width\":350,\"height\":100,\"caption\":\"Associaci\u00f3 d&#039;Advocats de V\u00edctimes de Catalunya\"},\"image\":{\"@id\":\"https:\/\/www.adaviac.cat\/#\/schema\/logo\/image\/\"}}]}<\/script>\n<!-- \/ Yoast SEO plugin. -->","yoast_head_json":{"title":"Pol\u00edtica de Privacitat - Associaci\u00f3 d&#039;Advocats de V\u00edctimes de Catalunya","robots":{"index":"noindex","follow":"nofollow"},"og_locale":"es_ES","og_type":"article","og_title":"Pol\u00edtica de Privacitat - Associaci\u00f3 d&#039;Advocats de V\u00edctimes de Catalunya","og_description":"POL\u00cdTICA DE PRIVACITAT ADAVIAC Associaci\u00f3 de V\u00edctimes d&#8217;Accidents de Catalunya Som l&#8217;Associaci\u00f3 d&#8217;Advocats de V\u00edctimes de Catalunya (d&#8217;ara endavant, ADAVIAC)\u00a0titular del website\u00a0https:\/\/www.adaviac.cat\u00a0(d&#8217;ara endavant,\u00a0\u201cwebsite\u201d) i responsable del tractament que garanteix la protecci\u00f3 de totes les dades de car\u00e0cter personal que li proporcioni l&#8217;usuari. En compliment del que estableix la\u00a0Llei Org\u00e0nica 15\/1999, de 13 de desembre, de [&hellip;]","og_url":"https:\/\/www.adaviac.cat\/es\/politica-privacitat\/","og_site_name":"Associaci\u00f3 d&#039;Advocats de V\u00edctimes de Catalunya","article_modified_time":"2023-06-02T09:17:58+00:00","twitter_card":"summary_large_image","twitter_misc":{"Tiempo de lectura":"6 minutos"},"schema":{"@context":"https:\/\/schema.org","@graph":[{"@type":"WebPage","@id":"https:\/\/www.adaviac.cat\/politica-privacitat\/","url":"https:\/\/www.adaviac.cat\/politica-privacitat\/","name":"Pol\u00edtica de Privacitat - Associaci\u00f3 d&#039;Advocats de V\u00edctimes de Catalunya","isPartOf":{"@id":"https:\/\/www.adaviac.cat\/#website"},"datePublished":"2023-03-14T11:36:05+00:00","dateModified":"2023-06-02T09:17:58+00:00","breadcrumb":{"@id":"https:\/\/www.adaviac.cat\/politica-privacitat\/#breadcrumb"},"inLanguage":"es","potentialAction":[{"@type":"ReadAction","target":["https:\/\/www.adaviac.cat\/politica-privacitat\/"]}]},{"@type":"BreadcrumbList","@id":"https:\/\/www.adaviac.cat\/politica-privacitat\/#breadcrumb","itemListElement":[{"@type":"ListItem","position":1,"name":"Portada","item":"https:\/\/www.adaviac.cat\/"},{"@type":"ListItem","position":2,"name":"Pol\u00edtica de Privacitat"}]},{"@type":"WebSite","@id":"https:\/\/www.adaviac.cat\/#website","url":"https:\/\/www.adaviac.cat\/","name":"Associaci\u00f3 d&#039;Advocats de V\u00edctimes de Catalunya","description":"ADAVIAC: Associaci\u00f3 d&#039;Advocats de V\u00edctimes de Catalunya","publisher":{"@id":"https:\/\/www.adaviac.cat\/#organization"},"potentialAction":[{"@type":"SearchAction","target":{"@type":"EntryPoint","urlTemplate":"https:\/\/www.adaviac.cat\/?s={search_term_string}"},"query-input":{"@type":"PropertyValueSpecification","valueRequired":true,"valueName":"search_term_string"}}],"inLanguage":"es"},{"@type":"Organization","@id":"https:\/\/www.adaviac.cat\/#organization","name":"Associaci\u00f3 d&#039;Advocats de V\u00edctimes de Catalunya","url":"https:\/\/www.adaviac.cat\/","logo":{"@type":"ImageObject","inLanguage":"es","@id":"https:\/\/www.adaviac.cat\/#\/schema\/logo\/image\/","url":"https:\/\/www.adaviac.cat\/wp-content\/uploads\/2023\/03\/LOGO-ADAVIAC.png","contentUrl":"https:\/\/www.adaviac.cat\/wp-content\/uploads\/2023\/03\/LOGO-ADAVIAC.png","width":350,"height":100,"caption":"Associaci\u00f3 d&#039;Advocats de V\u00edctimes de Catalunya"},"image":{"@id":"https:\/\/www.adaviac.cat\/#\/schema\/logo\/image\/"}}]}},"_links":{"self":[{"href":"https:\/\/www.adaviac.cat\/es\/wp-json\/wp\/v2\/pages\/415","targetHints":{"allow":["GET"]}}],"collection":[{"href":"https:\/\/www.adaviac.cat\/es\/wp-json\/wp\/v2\/pages"}],"about":[{"href":"https:\/\/www.adaviac.cat\/es\/wp-json\/wp\/v2\/types\/page"}],"author":[{"embeddable":true,"href":"https:\/\/www.adaviac.cat\/es\/wp-json\/wp\/v2\/users\/1"}],"replies":[{"embeddable":true,"href":"https:\/\/www.adaviac.cat\/es\/wp-json\/wp\/v2\/comments?post=415"}],"version-history":[{"count":48,"href":"https:\/\/www.adaviac.cat\/es\/wp-json\/wp\/v2\/pages\/415\/revisions"}],"predecessor-version":[{"id":1570,"href":"https:\/\/www.adaviac.cat\/es\/wp-json\/wp\/v2\/pages\/415\/revisions\/1570"}],"wp:attachment":[{"href":"https:\/\/www.adaviac.cat\/es\/wp-json\/wp\/v2\/media?parent=415"}],"curies":[{"name":"wp","href":"https:\/\/api.w.org\/{rel}","templated":true}]}}